{"id":513,"date":"2016-05-11T13:48:44","date_gmt":"2016-05-11T13:48:44","guid":{"rendered":"http:\/\/wpoffice\/enfold-fitness\/?page_id=513"},"modified":"2025-05-15T19:37:10","modified_gmt":"2025-05-15T19:37:10","slug":"contact","status":"publish","type":"page","link":"https:\/\/www.fovint.com\/index.php\/contact\/","title":{"rendered":"Contact"},"content":{"rendered":"<div id='av_section_1'  class='avia-section av-4e5pe1-964697d212f9a39790d4a0a8c9d0c9c6 main_color avia-section-large avia-no-border-styling  avia-builder-el-0  el_before_av_section  avia-builder-el-first  avia-bg-style-scroll container_wrap sidebar_right'  ><div class='container av-section-cont-open' ><main  role=\"main\" itemprop=\"mainContentOfPage\"  class='template-page content  av-content-small alpha units'><div class='post-entry post-entry-type-page post-entry-513'><div class='entry-content-wrapper clearfix'>\n\n<style type=\"text\/css\" data-created_by=\"avia_inline_auto\" id=\"style-css-av-46a8wx-669a85124a35d173368714530669eba7\">\n#top .av-special-heading.av-46a8wx-669a85124a35d173368714530669eba7{\npadding-bottom:30px;\nfont-size:70px;\n}\nbody .av-special-heading.av-46a8wx-669a85124a35d173368714530669eba7 .av-special-heading-tag .heading-char{\nfont-size:25px;\n}\n#top #wrap_all .av-special-heading.av-46a8wx-669a85124a35d173368714530669eba7 .av-special-heading-tag{\nfont-size:70px;\n}\n.av-special-heading.av-46a8wx-669a85124a35d173368714530669eba7 .av-subheading{\nfont-size:15px;\n}\n\n@media only screen and (min-width: 480px) and (max-width: 767px){ \n#top #wrap_all .av-special-heading.av-46a8wx-669a85124a35d173368714530669eba7 .av-special-heading-tag{\nfont-size:0.8em;\n}\n}\n\n@media only screen and (max-width: 479px){ \n#top #wrap_all .av-special-heading.av-46a8wx-669a85124a35d173368714530669eba7 .av-special-heading-tag{\nfont-size:0.8em;\n}\n}\n<\/style>\n<div  class='av-special-heading av-46a8wx-669a85124a35d173368714530669eba7 av-special-heading-h1 blockquote modern-quote  avia-builder-el-1  el_before_av_one_half  avia-builder-el-first  av-thin-font av-inherit-size'><h1 class='av-special-heading-tag'  itemprop=\"headline\"  >Contact<strong>.<\/strong><\/h1><div class=\"special-heading-border\"><div class=\"special-heading-inner-border\"><\/div><\/div><\/div>\n\n<style type=\"text\/css\" data-created_by=\"avia_inline_auto\" id=\"style-css-av-3zj8gh-dc4483996664977438f07209d7fdea42\">\n.flex_column.av-3zj8gh-dc4483996664977438f07209d7fdea42{\n-webkit-border-radius:0px 0px 0px 0px;\n-moz-border-radius:0px 0px 0px 0px;\nborder-radius:0px 0px 0px 0px;\npadding:0px 0px 0px 0px;\n}\n<\/style>\n<div class='flex_column av-3zj8gh-dc4483996664977438f07209d7fdea42 av_one_half  avia-builder-el-2  el_after_av_heading  el_before_av_one_fourth  first flex_column_div av-zero-column-padding '     ><section  class='av_textblock_section av-dxkq1-e0970036b84fcba41ca27598324cb7de'  itemscope=\"itemscope\" itemtype=\"https:\/\/schema.org\/CreativeWork\" ><div class='avia_textblock'  itemprop=\"text\" ><\/div><\/section><\/div>\n<style type=\"text\/css\" data-created_by=\"avia_inline_auto\" id=\"style-css-av-3rhrxl-7d834437fc923a53c9916e68369f008f\">\n.flex_column.av-3rhrxl-7d834437fc923a53c9916e68369f008f{\n-webkit-border-radius:0px 0px 0px 0px;\n-moz-border-radius:0px 0px 0px 0px;\nborder-radius:0px 0px 0px 0px;\npadding:0px 0px 0px 0px;\n}\n<\/style>\n<div class='flex_column av-3rhrxl-7d834437fc923a53c9916e68369f008f av_one_fourth  avia-builder-el-4  el_after_av_one_half  el_before_av_one_fourth  flex_column_div av-zero-column-padding '     ><section  class='av_textblock_section av-3mg1ht-6f4622eb38ba92508ff4664120b6bb55'  itemscope=\"itemscope\" itemtype=\"https:\/\/schema.org\/CreativeWork\" ><div class='avia_textblock'  itemprop=\"text\" ><p><strong>Head Office ;<\/strong><\/p>\n<p>Do\u011fan Arasl\u0131 Bulvar\u0131 Sultaniye Mah.No:170 Kat: 10 Daire : 141 Cumhuriyet Meydan\u0131 Kar\u015f\u0131s\u0131 Esenyurt\/ \u0130STANBUL<\/p>\n<p>Tel : (+90) 212 596 66 03<\/p>\n<p>Fax: (+90) 212 596 66 04<\/p>\n<p><a href=\"mailto:info@fovint.com\">info@fovint.com<\/a><\/p>\n<\/div><\/section><\/div>\n<style type=\"text\/css\" data-created_by=\"avia_inline_auto\" id=\"style-css-av-3ei1yx-1238d692dc82540b22d4371bd725ae38\">\n.flex_column.av-3ei1yx-1238d692dc82540b22d4371bd725ae38{\n-webkit-border-radius:0px 0px 0px 0px;\n-moz-border-radius:0px 0px 0px 0px;\nborder-radius:0px 0px 0px 0px;\npadding:0px 0px 0px 0px;\n}\n<\/style>\n<div class='flex_column av-3ei1yx-1238d692dc82540b22d4371bd725ae38 av_one_fourth  avia-builder-el-6  el_after_av_one_fourth  avia-builder-el-last  flex_column_div av-zero-column-padding '     ><section  class='av_textblock_section av-389wix-6ce54afb8a3c7590eed3593a6d51db61'  itemscope=\"itemscope\" itemtype=\"https:\/\/schema.org\/CreativeWork\" ><div class='avia_textblock'  itemprop=\"text\" ><p><strong>Opening hours:<\/strong><br \/>\nMo-Fr: 8:00-22:00<br \/>\nSa: 8:00-24:00<br \/>\nSo: 8:00-14:00<\/p>\n<\/div><\/section><\/div><\/div><\/div><\/main><!-- close content main element --><\/div><\/div>\n<style type=\"text\/css\" data-created_by=\"avia_inline_auto\" id=\"style-css-av-31xqsh-5a1a4611ab90b2d9401923b4d388de79\">\n.avia-section.av-31xqsh-5a1a4611ab90b2d9401923b4d388de79{\nbackground-repeat:no-repeat;\nbackground-image:url(https:\/\/www.fovint.com\/wp-content\/uploads\/2023\/01\/14.jpg);\nbackground-position:50% 50%;\nbackground-attachment:fixed;\n}\n.avia-section.av-31xqsh-5a1a4611ab90b2d9401923b4d388de79 .av-section-color-overlay{\nopacity:0.8;\nbackground-color:#000000;\n}\n<\/style>\n<div id='av_section_2'  class='avia-section av-31xqsh-5a1a4611ab90b2d9401923b4d388de79 alternate_color avia-section-huge avia-no-border-styling  avia-builder-el-8  el_after_av_section  el_before_av_section  avia-full-stretch avia-bg-style-fixed av-section-color-overlay-active container_wrap sidebar_right'  data-section-bg-repeat='stretch'><div class=\"av-section-color-overlay-wrap\"><div class=\"av-section-color-overlay\"><\/div><div class='container av-section-cont-open' ><div class='template-page content  av-content-small alpha units'><div class='post-entry post-entry-type-page post-entry-513'><div class='entry-content-wrapper clearfix'>\n\n<style type=\"text\/css\" data-created_by=\"avia_inline_auto\" id=\"style-css-av-2uycmx-22877579ffba25093f0ea19053bb0241\">\n.flex_column.av-2uycmx-22877579ffba25093f0ea19053bb0241{\n-webkit-border-radius:0px 0px 0px 0px;\n-moz-border-radius:0px 0px 0px 0px;\nborder-radius:0px 0px 0px 0px;\npadding:0px 0px 0px 0px;\n}\n<\/style>\n<div class='flex_column av-2uycmx-22877579ffba25093f0ea19053bb0241 av_three_fifth  avia-builder-el-9  el_before_av_two_fifth  avia-builder-el-first  first flex_column_div av-zero-column-padding '     ><p>\n<style type=\"text\/css\" data-created_by=\"avia_inline_auto\" id=\"style-css-av-2ql9jl-9c138a5014537f5001772cf004ad9506\">\n#top .av-special-heading.av-2ql9jl-9c138a5014537f5001772cf004ad9506{\npadding-bottom:20px;\nfont-size:50px;\n}\nbody .av-special-heading.av-2ql9jl-9c138a5014537f5001772cf004ad9506 .av-special-heading-tag .heading-char{\nfont-size:25px;\n}\n#top #wrap_all .av-special-heading.av-2ql9jl-9c138a5014537f5001772cf004ad9506 .av-special-heading-tag{\nfont-size:50px;\n}\n.av-special-heading.av-2ql9jl-9c138a5014537f5001772cf004ad9506 .av-subheading{\nfont-size:15px;\n}\n\n@media only screen and (min-width: 480px) and (max-width: 767px){ \n#top #wrap_all .av-special-heading.av-2ql9jl-9c138a5014537f5001772cf004ad9506 .av-special-heading-tag{\nfont-size:0.8em;\n}\n}\n\n@media only screen and (max-width: 479px){ \n#top #wrap_all .av-special-heading.av-2ql9jl-9c138a5014537f5001772cf004ad9506 .av-special-heading-tag{\nfont-size:0.8em;\n}\n}\n<\/style>\n<div  class='av-special-heading av-2ql9jl-9c138a5014537f5001772cf004ad9506 av-special-heading-h1 blockquote modern-quote modern-centered  avia-builder-el-10  el_before_av_contact  avia-builder-el-first  av-thin-font av-inherit-size'><h1 class='av-special-heading-tag'  itemprop=\"headline\"  >Get in touch<strong>.<\/strong><\/h1><div class=\"special-heading-border\"><div class=\"special-heading-inner-border\"><\/div><\/div><\/div><br \/>\n<form action=\"https:\/\/www.fovint.com\/index.php\/contact\/\" method=\"post\"  class=\"avia_ajax_form av-form-labels-hidden   avia-builder-el-11  el_after_av_heading  avia-builder-el-last  av-custom-form-color av-light-form \" data-avia-form-id=\"1\" data-avia-redirect='' ><fieldset><p class='  first_form  form_element form_element_half' id='element_avia_1_1'><label for=\"avia_1_1\">Name <abbr class=\"required\" title=\"required\">*<\/abbr><\/label> <input name=\"avia_1_1\" class=\"text_input is_empty\" type=\"text\" id=\"avia_1_1\" value=\"\"  placeholder='Name*'\/><\/p><p class='  form_element form_element_half' id='element_avia_2_1'><label for=\"avia_2_1\">E-Mail <abbr class=\"required\" title=\"required\">*<\/abbr><\/label> <input name=\"avia_2_1\" class=\"text_input is_email\" type=\"text\" id=\"avia_2_1\" value=\"\"  placeholder='E-Mail*'\/><\/p><p class='  first_form  form_element form_fullwidth' id='element_avia_3_1'><label for=\"avia_3_1\">Subject <abbr class=\"required\" title=\"required\">*<\/abbr><\/label> <input name=\"avia_3_1\" class=\"text_input is_empty\" type=\"text\" id=\"avia_3_1\" value=\"\"  placeholder='Subject*'\/><\/p><p class='  first_form  form_element form_fullwidth av-last-visible-form-element' id='element_avia_4_1'><label for=\"avia_4_1\" class=\"textare_label hidden textare_label_avia_4_1\">Message <abbr class=\"required\" title=\"required\">*<\/abbr><\/label><textarea  placeholder='Message*' name=\"avia_4_1\" class=\"text_area is_empty\" cols=\"40\" rows=\"7\" id=\"avia_4_1\" ><\/textarea><\/p><p class=\"hidden\"><input type=\"text\" name=\"avia_5_1\" class=\"hidden \" id=\"avia_5_1\" value=\"\" \/><\/p><p class=\"form_element \"><input type=\"hidden\" value=\"1\" name=\"avia_generated_form1\" \/><input type=\"submit\" value=\"Submit\" class=\"button\"  data-sending-label=\"Sending\"\/><\/p><\/fieldset><\/form><div id=\"ajaxresponse_1\" class=\"ajaxresponse ajaxresponse_1 hidden\"><\/div><\/p><\/div>\n<style type=\"text\/css\" data-created_by=\"avia_inline_auto\" id=\"style-css-av-1oxho9-994c607cb529f7b168f3f9075c6857ae\">\n.flex_column.av-1oxho9-994c607cb529f7b168f3f9075c6857ae{\n-webkit-border-radius:0px 0px 0px 0px;\n-moz-border-radius:0px 0px 0px 0px;\nborder-radius:0px 0px 0px 0px;\npadding:0px 0px 0px 0px;\n}\n<\/style>\n<div class='flex_column av-1oxho9-994c607cb529f7b168f3f9075c6857ae av_two_fifth  avia-builder-el-12  el_after_av_three_fifth  avia-builder-el-last  flex_column_div av-zero-column-padding '     ><p>\n<style type=\"text\/css\" data-created_by=\"avia_inline_auto\" id=\"style-css-av-1iaog9-9db8900d798c7b4f28fa836c53059ca6\">\n#top .av-special-heading.av-1iaog9-9db8900d798c7b4f28fa836c53059ca6{\npadding-bottom:20px;\nfont-size:50px;\n}\nbody .av-special-heading.av-1iaog9-9db8900d798c7b4f28fa836c53059ca6 .av-special-heading-tag .heading-char{\nfont-size:25px;\n}\n#top #wrap_all .av-special-heading.av-1iaog9-9db8900d798c7b4f28fa836c53059ca6 .av-special-heading-tag{\nfont-size:50px;\n}\n.av-special-heading.av-1iaog9-9db8900d798c7b4f28fa836c53059ca6 .av-subheading{\nfont-size:15px;\n}\n\n@media only screen and (min-width: 480px) and (max-width: 767px){ \n#top #wrap_all .av-special-heading.av-1iaog9-9db8900d798c7b4f28fa836c53059ca6 .av-special-heading-tag{\nfont-size:0.8em;\n}\n}\n\n@media only screen and (max-width: 479px){ \n#top #wrap_all .av-special-heading.av-1iaog9-9db8900d798c7b4f28fa836c53059ca6 .av-special-heading-tag{\nfont-size:0.8em;\n}\n}\n<\/style>\n<div  class='av-special-heading av-1iaog9-9db8900d798c7b4f28fa836c53059ca6 av-special-heading-h1 blockquote modern-quote modern-centered  avia-builder-el-13  el_before_av_textblock  avia-builder-el-first  av-thin-font av-inherit-size'><h1 class='av-special-heading-tag'  itemprop=\"headline\"  >Also<strong>&#8230;<\/strong><\/h1><div class=\"special-heading-border\"><div class=\"special-heading-inner-border\"><\/div><\/div><\/div><br \/>\n\n<style type=\"text\/css\" data-created_by=\"avia_inline_auto\" id=\"style-css-av-4uisx-c66535b5c77500d56cc5bdaf5bfcc6b8\">\n#top .av_textblock_section.av-4uisx-c66535b5c77500d56cc5bdaf5bfcc6b8 .avia_textblock{\ncolor:#ffffff;\n}\n<\/style>\n<section  class='av_textblock_section av-4uisx-c66535b5c77500d56cc5bdaf5bfcc6b8'  itemscope=\"itemscope\" itemtype=\"https:\/\/schema.org\/CreativeWork\" ><div class='avia_textblock av_inherit_color'  itemprop=\"text\" ><p>We\u2019ve been advocating environmental protection,<\/p>\n<p>pursuing innovation and focusing on the environmentally-friendly<\/p>\n<p>food packaging products\u2019R &#038; D.<\/p>\n<\/div><\/section><\/p><\/div>\n<\/p>\n<\/div><\/div><\/div><!-- close content main div --><\/div><\/div><\/div><div id='av_section_3'  class='avia-section av-19n7hl-d20f3c33758816197acc329487d78936 main_color avia-section-large avia-no-border-styling  avia-builder-el-15  el_after_av_section  el_before_av_google_map  avia-bg-style-scroll container_wrap sidebar_right'  ><div class='container av-section-cont-open' ><div class='template-page content  av-content-small alpha units'><div class='post-entry post-entry-type-page post-entry-513'><div class='entry-content-wrapper clearfix'>\n<div  class='av_gmaps_sc_main_wrap av_gmaps_main_wrap '><div id='av_gmap_0' class='avia-google-map-container avia-google-map-sc av_gmaps_show_unconditionally av-no-fallback-img ' data-mapid='av_gmap_0'  style='height: 400px;'><a class=\"av_gmaps_browser_disabled av_text_confirm_link av_text_confirm_link_visible\" href=\"https:\/\/www.google.com\/maps\/search\/?api=1&#038;query=Do\u011fan%20Arasl\u0131%20Bulvar\u0131%20Sultaniye%20Mah.No:170%20Kat:%2010%20Daire%20:%20141%20Cumhuriyet%20Meydan\u0131%20Kar\u015f\u0131s\u0131%2034510%20\u0130stanbul%20Esenyurt%20Turkiye\" target=\"_blank\" rel=\"noopener\">Maps were disabled by the visitor on this site. Click to open the map in a new window.<\/a><\/div><\/div>\n<div  class='hr av-88tkx-5ca4390d07cff58e1d9eadbf8a04273d hr-default  avia-builder-el-17  el_after_av_google_map  el_before_av_google_map  avia-builder-el-no-sibling '><span class='hr-inner '><span class=\"hr-inner-style\"><\/span><\/span><\/div>\n<div  class='av_gmaps_sc_main_wrap av_gmaps_main_wrap '><div id='av_gmap_1' class='avia-google-map-container avia-google-map-sc av_gmaps_show_unconditionally av-no-fallback-img ' data-mapid='av_gmap_1'  style='height: 400px;'><a class=\"av_gmaps_browser_disabled av_text_confirm_link av_text_confirm_link_visible\" href=\"https:\/\/www.google.com\/maps\/search\/?api=1&#038;query=\" target=\"_blank\" rel=\"noopener\">Maps were disabled by the visitor on this site. Click to open the map in a new window.<\/a><\/div><\/div>\n","protected":false},"excerpt":{"rendered":"","protected":false},"author":1,"featured_media":0,"parent":0,"menu_order":0,"comment_status":"closed","ping_status":"closed","template":"","meta":{"footnotes":""},"class_list":["post-513","page","type-page","status-publish","hentry"],"_links":{"self":[{"href":"https:\/\/www.fovint.com\/index.php\/wp-json\/wp\/v2\/pages\/513","targetHints":{"allow":["GET"]}}],"collection":[{"href":"https:\/\/www.fovint.com\/index.php\/wp-json\/wp\/v2\/pages"}],"about":[{"href":"https:\/\/www.fovint.com\/index.php\/wp-json\/wp\/v2\/types\/page"}],"author":[{"embeddable":true,"href":"https:\/\/www.fovint.com\/index.php\/wp-json\/wp\/v2\/users\/1"}],"replies":[{"embeddable":true,"href":"https:\/\/www.fovint.com\/index.php\/wp-json\/wp\/v2\/comments?post=513"}],"version-history":[{"count":7,"href":"https:\/\/www.fovint.com\/index.php\/wp-json\/wp\/v2\/pages\/513\/revisions"}],"predecessor-version":[{"id":1035,"href":"https:\/\/www.fovint.com\/index.php\/wp-json\/wp\/v2\/pages\/513\/revisions\/1035"}],"wp:attachment":[{"href":"https:\/\/www.fovint.com\/index.php\/wp-json\/wp\/v2\/media?parent=513"}],"curies":[{"name":"wp","href":"https:\/\/api.w.org\/{rel}","templated":true}]}}